{"id":5095,"date":"2025-01-28T10:09:59","date_gmt":"2025-01-28T10:09:59","guid":{"rendered":"https:\/\/horn-technic.de.w01fdf18.kasserver.com\/?post_type=product&#038;p=5095"},"modified":"2025-01-30T09:08:14","modified_gmt":"2025-01-30T09:08:14","slug":"feuchtigkeitsmessgeraet-farmpro","status":"publish","type":"product","link":"https:\/\/horn-technic.de\/en\/produkt\/feuchtigkeitsmessgeraet-farmpro\/","title":{"rendered":"Feuchtigkeitsmessger\u00e4t Farmpro"},"content":{"rendered":"","protected":false},"excerpt":{"rendered":"<p>Zur Messung von Getreide, \u00d6lfr\u00fcchten und Mais. Mit Digitalanzeige und Koffer. Reinigungspinsel und Batterien sind im Set enthalten.<\/p>\n","protected":false},"featured_media":5096,"template":"","meta":[],"product_cat":[51],"product_tag":[],"class_list":{"0":"post-5095","1":"product","2":"type-product","3":"status-publish","4":"has-post-thumbnail","6":"product_cat-feuchtigkeitsmessung","8":"first","9":"instock","10":"taxable","11":"shipping-taxable","12":"purchasable","13":"product-type-simple"},"_links":{"self":[{"href":"https:\/\/horn-technic.de\/en\/wp-json\/wp\/v2\/product\/5095","targetHints":{"allow":["GET"]}}],"collection":[{"href":"https:\/\/horn-technic.de\/en\/wp-json\/wp\/v2\/product"}],"about":[{"href":"https:\/\/horn-technic.de\/en\/wp-json\/wp\/v2\/types\/product"}],"wp:featuredmedia":[{"embeddable":true,"href":"https:\/\/horn-technic.de\/en\/wp-json\/wp\/v2\/media\/5096"}],"wp:attachment":[{"href":"https:\/\/horn-technic.de\/en\/wp-json\/wp\/v2\/media?parent=5095"}],"wp:term":[{"taxonomy":"product_cat","embeddable":true,"href":"https:\/\/horn-technic.de\/en\/wp-json\/wp\/v2\/product_cat?post=5095"},{"taxonomy":"product_tag","embeddable":true,"href":"https:\/\/horn-technic.de\/en\/wp-json\/wp\/v2\/product_tag?post=5095"}],"curies":[{"name":"wp","href":"https:\/\/api.w.org\/{rel}","templated":true}]}}