{"id":5092,"date":"2025-01-28T10:08:21","date_gmt":"2025-01-28T10:08:21","guid":{"rendered":"https:\/\/horn-technic.de.w01fdf18.kasserver.com\/?post_type=product&#038;p=5092"},"modified":"2025-01-28T10:09:04","modified_gmt":"2025-01-28T10:09:04","slug":"feuchtigkeitsmessgeraet-superpro","status":"publish","type":"product","link":"https:\/\/horn-technic.de\/en\/produkt\/feuchtigkeitsmessgeraet-superpro\/","title":{"rendered":"Feuchtigkeitsmessger\u00e4t Superpro"},"content":{"rendered":"","protected":false},"excerpt":{"rendered":"<p>Zur Messung von Getreide, \u00d6lfr\u00fcchten und Mais. Neue Getreidesorten nachr\u00fcstbar. Mit beleuchteter Digitalanzeige und Koffer. Reinigungspinsel und Batterien sind im Set enthalten.<\/p>\n","protected":false},"featured_media":5093,"template":"","meta":[],"product_cat":[51],"product_tag":[],"class_list":{"0":"post-5092","1":"product","2":"type-product","3":"status-publish","4":"has-post-thumbnail","6":"product_cat-feuchtigkeitsmessung","8":"first","9":"instock","10":"taxable","11":"shipping-taxable","12":"purchasable","13":"product-type-simple"},"_links":{"self":[{"href":"https:\/\/horn-technic.de\/en\/wp-json\/wp\/v2\/product\/5092","targetHints":{"allow":["GET"]}}],"collection":[{"href":"https:\/\/horn-technic.de\/en\/wp-json\/wp\/v2\/product"}],"about":[{"href":"https:\/\/horn-technic.de\/en\/wp-json\/wp\/v2\/types\/product"}],"wp:featuredmedia":[{"embeddable":true,"href":"https:\/\/horn-technic.de\/en\/wp-json\/wp\/v2\/media\/5093"}],"wp:attachment":[{"href":"https:\/\/horn-technic.de\/en\/wp-json\/wp\/v2\/media?parent=5092"}],"wp:term":[{"taxonomy":"product_cat","embeddable":true,"href":"https:\/\/horn-technic.de\/en\/wp-json\/wp\/v2\/product_cat?post=5092"},{"taxonomy":"product_tag","embeddable":true,"href":"https:\/\/horn-technic.de\/en\/wp-json\/wp\/v2\/product_tag?post=5092"}],"curies":[{"name":"wp","href":"https:\/\/api.w.org\/{rel}","templated":true}]}}