{"id":5007,"date":"2025-01-28T09:41:21","date_gmt":"2025-01-28T09:41:21","guid":{"rendered":"https:\/\/horn-technic.de.w01fdf18.kasserver.com\/?post_type=product&#038;p=5007"},"modified":"2025-07-14T07:50:19","modified_gmt":"2025-07-14T05:50:19","slug":"verschleissringgarnitur-fuer-schaeler-dka-750-900","status":"publish","type":"product","link":"https:\/\/horn-technic.de\/en\/produkt\/verschleissringgarnitur-fuer-schaeler-dka-750-900\/","title":{"rendered":"Verschlei\u00dfringgarnitur f\u00fcr Sch\u00e4ler DKA 750\/900"},"content":{"rendered":"","protected":false},"excerpt":{"rendered":"<p>Komplette Garnitur mit Senkschrauben und Unterlegscheiben<\/p>\n","protected":false},"featured_media":5009,"template":"","meta":[],"product_cat":[49],"product_tag":[],"class_list":{"0":"post-5007","1":"product","2":"type-product","3":"status-publish","4":"has-post-thumbnail","6":"product_cat-ersatzteile-dka-750-900","8":"first","9":"instock","10":"taxable","11":"shipping-taxable","12":"purchasable","13":"product-type-simple"},"_links":{"self":[{"href":"https:\/\/horn-technic.de\/en\/wp-json\/wp\/v2\/product\/5007","targetHints":{"allow":["GET"]}}],"collection":[{"href":"https:\/\/horn-technic.de\/en\/wp-json\/wp\/v2\/product"}],"about":[{"href":"https:\/\/horn-technic.de\/en\/wp-json\/wp\/v2\/types\/product"}],"wp:featuredmedia":[{"embeddable":true,"href":"https:\/\/horn-technic.de\/en\/wp-json\/wp\/v2\/media\/5009"}],"wp:attachment":[{"href":"https:\/\/horn-technic.de\/en\/wp-json\/wp\/v2\/media?parent=5007"}],"wp:term":[{"taxonomy":"product_cat","embeddable":true,"href":"https:\/\/horn-technic.de\/en\/wp-json\/wp\/v2\/product_cat?post=5007"},{"taxonomy":"product_tag","embeddable":true,"href":"https:\/\/horn-technic.de\/en\/wp-json\/wp\/v2\/product_tag?post=5007"}],"curies":[{"name":"wp","href":"https:\/\/api.w.org\/{rel}","templated":true}]}}