{"id":4947,"date":"2025-01-28T09:25:00","date_gmt":"2025-01-28T09:25:00","guid":{"rendered":"https:\/\/horn-technic.de.w01fdf18.kasserver.com\/?post_type=product&#038;p=4947"},"modified":"2025-07-14T07:42:49","modified_gmt":"2025-07-14T05:42:49","slug":"satz-schaelreiber-mit-bolzen-fuer-dvc-2","status":"publish","type":"product","link":"https:\/\/horn-technic.de\/en\/produkt\/satz-schaelreiber-mit-bolzen-fuer-dvc-2\/","title":{"rendered":"Satz Sch\u00e4lreiber mit Bolzen f\u00fcr DVC 2"},"content":{"rendered":"","protected":false},"excerpt":{"rendered":"<p>Satz Sch\u00e4lreiber mit Bolzen f\u00fcr DVC 2. Geliefert werden 2 St\u00fcck.<\/p>\n","protected":false},"featured_media":4948,"template":"","meta":[],"product_cat":[48],"product_tag":[],"class_list":{"0":"post-4947","1":"product","2":"type-product","3":"status-publish","4":"has-post-thumbnail","6":"product_cat-ersatzteile-dvc-2-fvc-2","8":"first","9":"instock","10":"taxable","11":"shipping-taxable","12":"purchasable","13":"product-type-simple"},"_links":{"self":[{"href":"https:\/\/horn-technic.de\/en\/wp-json\/wp\/v2\/product\/4947","targetHints":{"allow":["GET"]}}],"collection":[{"href":"https:\/\/horn-technic.de\/en\/wp-json\/wp\/v2\/product"}],"about":[{"href":"https:\/\/horn-technic.de\/en\/wp-json\/wp\/v2\/types\/product"}],"wp:featuredmedia":[{"embeddable":true,"href":"https:\/\/horn-technic.de\/en\/wp-json\/wp\/v2\/media\/4948"}],"wp:attachment":[{"href":"https:\/\/horn-technic.de\/en\/wp-json\/wp\/v2\/media?parent=4947"}],"wp:term":[{"taxonomy":"product_cat","embeddable":true,"href":"https:\/\/horn-technic.de\/en\/wp-json\/wp\/v2\/product_cat?post=4947"},{"taxonomy":"product_tag","embeddable":true,"href":"https:\/\/horn-technic.de\/en\/wp-json\/wp\/v2\/product_tag?post=4947"}],"curies":[{"name":"wp","href":"https:\/\/api.w.org\/{rel}","templated":true}]}}